{"id":161,"date":"2024-04-15T15:34:18","date_gmt":"2024-04-15T12:34:18","guid":{"rendered":"https:\/\/sealants.ustalar.com\/?page_id=161"},"modified":"2024-04-15T15:38:12","modified_gmt":"2024-04-15T12:38:12","slug":"yuzey-temizleyici-cila","status":"publish","type":"page","link":"https:\/\/sealants.ustalar.com\/index.php\/yuzey-temizleyici-cila\/","title":{"rendered":"Y\u00fczey Temizleyici &#8211; Cila"},"content":{"rendered":"\n<figure class=\"wp-block-embed is-type-video is-provider-youtube wp-block-embed-youtube wp-embed-aspect-16-9 wp-has-aspect-ratio\"><div class=\"wp-block-embed__wrapper\">\n<iframe loading=\"lazy\" title=\"MAXIWAX - EM16 - S\u00fct Cila\" width=\"1170\" height=\"658\" src=\"https:\/\/www.youtube.com\/embed\/YtTRISTBYv8?list=UULFCeOzTxTyUW84HwTAo2vTAQ\" frameborder=\"0\" allow=\"accelerometer; autoplay; clipboard-write; encrypted-media; gyroscope; picture-in-picture; web-share\" referrerpolicy=\"strict-origin-when-cross-origin\" allowfullscreen><\/iframe>\n<\/div><\/figure>\n\n\n\n<figure class=\"wp-block-embed is-type-video is-provider-youtube wp-block-embed-youtube wp-embed-aspect-16-9 wp-has-aspect-ratio\"><div class=\"wp-block-embed__wrapper\">\n<iframe loading=\"lazy\" title=\"MAXIWAX - EM14 - S\u0131v\u0131 Cila\" width=\"1170\" height=\"658\" src=\"https:\/\/www.youtube.com\/embed\/OCuMiD1E5R0?list=UULFCeOzTxTyUW84HwTAo2vTAQ\" frameborder=\"0\" allow=\"accelerometer; autoplay; clipboard-write; encrypted-media; gyroscope; picture-in-picture; web-share\" referrerpolicy=\"strict-origin-when-cross-origin\" allowfullscreen><\/iframe>\n<\/div><\/figure>\n\n\n\n<figure class=\"wp-block-embed is-type-video is-provider-youtube wp-block-embed-youtube wp-embed-aspect-16-9 wp-has-aspect-ratio\"><div class=\"wp-block-embed__wrapper\">\n<iframe loading=\"lazy\" title=\"WATERSTOP - A15 - Su \u0130tici Do\u011fal G\u00f6r\u00fcn\u00fcm Y\u00fczey Koruyucu\" width=\"1170\" height=\"658\" src=\"https:\/\/www.youtube.com\/embed\/dRjF93l1lXA?list=UULFCeOzTxTyUW84HwTAo2vTAQ\" frameborder=\"0\" allow=\"accelerometer; autoplay; clipboard-write; encrypted-media; gyroscope; picture-in-picture; web-share\" referrerpolicy=\"strict-origin-when-cross-origin\" allowfullscreen><\/iframe>\n<\/div><\/figure>\n\n\n\n<figure class=\"wp-block-embed is-type-video is-provider-youtube wp-block-embed-youtube wp-embed-aspect-16-9 wp-has-aspect-ratio\"><div class=\"wp-block-embed__wrapper\">\n<iframe loading=\"lazy\" title=\"MAXIMAX NANO - VH44 - \u00dcniversal Nano Cila\" width=\"1170\" height=\"658\" src=\"https:\/\/www.youtube.com\/embed\/8OB2vM3b3nE?list=UULFCeOzTxTyUW84HwTAo2vTAQ\" frameborder=\"0\" allow=\"accelerometer; autoplay; clipboard-write; encrypted-media; gyroscope; picture-in-picture; web-share\" referrerpolicy=\"strict-origin-when-cross-origin\" allowfullscreen><\/iframe>\n<\/div><\/figure>\n\n\n\n<figure class=\"wp-block-embed is-type-video is-provider-youtube wp-block-embed-youtube wp-embed-aspect-16-9 wp-has-aspect-ratio\"><div class=\"wp-block-embed__wrapper\">\n<iframe loading=\"lazy\" title=\"MAXICLEAN METAL - SC21 - Profesyonel Metal Eviye Temizleyici Krem\" width=\"1170\" height=\"658\" src=\"https:\/\/www.youtube.com\/embed\/2qgKC3YXius?list=UULFCeOzTxTyUW84HwTAo2vTAQ\" frameborder=\"0\" allow=\"accelerometer; autoplay; clipboard-write; encrypted-media; gyroscope; picture-in-picture; web-share\" referrerpolicy=\"strict-origin-when-cross-origin\" allowfullscreen><\/iframe>\n<\/div><\/figure>\n\n\n\n<figure class=\"wp-block-embed is-type-video is-provider-youtube wp-block-embed-youtube wp-embed-aspect-16-9 wp-has-aspect-ratio\"><div class=\"wp-block-embed__wrapper\">\n<iframe loading=\"lazy\" title=\"MAXISEAL - VH72 - Su ve Ya\u011f Ge\u00e7irmez Do\u011fal Ta\u015f Koruyucu\" width=\"1170\" height=\"658\" src=\"https:\/\/www.youtube.com\/embed\/QswchddemOA?feature=oembed\" frameborder=\"0\" allow=\"accelerometer; autoplay; clipboard-write; encrypted-media; gyroscope; picture-in-picture; web-share\" referrerpolicy=\"strict-origin-when-cross-origin\" allowfullscreen><\/iframe>\n<\/div><\/figure>\n","protected":false},"excerpt":{"rendered":"","protected":false},"author":1,"featured_media":0,"parent":0,"menu_order":0,"comment_status":"closed","ping_status":"closed","template":"","meta":{"footnotes":""},"class_list":["post-161","page","type-page","status-publish","hentry"],"_links":{"self":[{"href":"https:\/\/sealants.ustalar.com\/index.php\/wp-json\/wp\/v2\/pages\/161","targetHints":{"allow":["GET"]}}],"collection":[{"href":"https:\/\/sealants.ustalar.com\/index.php\/wp-json\/wp\/v2\/pages"}],"about":[{"href":"https:\/\/sealants.ustalar.com\/index.php\/wp-json\/wp\/v2\/types\/page"}],"author":[{"embeddable":true,"href":"https:\/\/sealants.ustalar.com\/index.php\/wp-json\/wp\/v2\/users\/1"}],"replies":[{"embeddable":true,"href":"https:\/\/sealants.ustalar.com\/index.php\/wp-json\/wp\/v2\/comments?post=161"}],"version-history":[{"count":4,"href":"https:\/\/sealants.ustalar.com\/index.php\/wp-json\/wp\/v2\/pages\/161\/revisions"}],"predecessor-version":[{"id":166,"href":"https:\/\/sealants.ustalar.com\/index.php\/wp-json\/wp\/v2\/pages\/161\/revisions\/166"}],"wp:attachment":[{"href":"https:\/\/sealants.ustalar.com\/index.php\/wp-json\/wp\/v2\/media?parent=161"}],"curies":[{"name":"wp","href":"https:\/\/api.w.org\/{rel}","templated":true}]}}