{"id":46,"date":"2024-03-30T00:02:36","date_gmt":"2024-03-29T21:02:36","guid":{"rendered":"https:\/\/sealants.ustalar.com\/?page_id=46"},"modified":"2024-03-30T01:22:33","modified_gmt":"2024-03-29T22:22:33","slug":"genel-amacli-silikon-280-gr","status":"publish","type":"page","link":"https:\/\/sealants.ustalar.com\/index.php\/genel-amacli-silikon-280-gr\/","title":{"rendered":"Genel Ama\u00e7l\u0131 Silikon 280 gr"},"content":{"rendered":"<div class=\"wp-block-image\">\n<figure class=\"alignleft size-large is-resized\"><a href=\"https:\/\/sealants.ustalar.com\/index.php\/genel-amacli-silikon-280-gr\/mastik-kartuslar-kisa01_1080x1080\/\"><img loading=\"lazy\" decoding=\"async\" width=\"1024\" height=\"1024\" src=\"https:\/\/sealants.ustalar.com\/wp-content\/uploads\/2024\/03\/mastik-kartuslar-kisa01_1080x1080-1024x1024.png\" alt=\"\" class=\"wp-image-47\" style=\"width:209px;height:auto\" srcset=\"https:\/\/sealants.ustalar.com\/wp-content\/uploads\/2024\/03\/mastik-kartuslar-kisa01_1080x1080-1024x1024.png 1024w, https:\/\/sealants.ustalar.com\/wp-content\/uploads\/2024\/03\/mastik-kartuslar-kisa01_1080x1080-300x300.png 300w, https:\/\/sealants.ustalar.com\/wp-content\/uploads\/2024\/03\/mastik-kartuslar-kisa01_1080x1080-150x150.png 150w, https:\/\/sealants.ustalar.com\/wp-content\/uploads\/2024\/03\/mastik-kartuslar-kisa01_1080x1080-768x768.png 768w, https:\/\/sealants.ustalar.com\/wp-content\/uploads\/2024\/03\/mastik-kartuslar-kisa01_1080x1080.png 1080w\" sizes=\"auto, (max-width: 1024px) 100vw, 1024px\" \/><\/a><\/figure>\n<\/div>\n\n\n<p><strong><mark style=\"background-color:rgba(0, 0, 0, 0)\" class=\"has-inline-color has-vivid-red-color\"><a href=\"https:\/\/sealants.ustalar.com\/index.php\/genel-amacli-silikon-280-gr\/\">Genel Ama\u00e7l\u0131 Silikon<\/a>,<\/mark><\/strong> tek komponentli, nemle k\u00fcrle\u015fen asetoksi bazl\u0131 silikondur.Kolay uygulanabilir. UV \u0131\u015f\u0131nlar\u0131na ve y\u00fcksek \u0131s\u0131ya dayan\u0131kl\u0131d\u0131r, rengini muhafaza eder.<\/p>\n\n\n\n<ul class=\"wp-block-list\">\n<li>G\u00f6zeneksiz y\u00fczeye m\u00fckemmel yap\u0131\u015fma g\u00f6sterir.<\/li>\n<\/ul>\n\n\n\n<p>\u00dcR\u00dcN \u00d6ZELL\u0130KLER\u0130<\/p>\n\n\n\n<figure class=\"wp-block-table\"><table><tbody><tr><td>\u00dcr\u00fcn Tipi<\/td><td>Silikon Polimer<\/td><\/tr><tr><td>Polimerizasyon Sistemi<\/td><td>Asetik<\/td><\/tr><tr><td>Yo\u011funluk<\/td><td>0.91-0.97 g\/ml &#8211; (TS 781-ISO 758)<\/td><\/tr><tr><td>Sertlik<\/td><td>15-20 Shore A(28. g\u00fcn)<\/td><\/tr><tr><td>Y\u00fczey Kurumas\u0131<\/td><td>11-12 min. (23\u00b0C and 50% R.H)<\/td><\/tr><tr><td>K\u00fcrle\u015fme H\u0131z\u0131<\/td><td>Min. 2 mm\/ G\u00fcn (23\u00b0C e 50% R.H)<\/td><\/tr><tr><td>Kopma Dayan\u0131m\u0131<\/td><td>1.8 N\/mm2 (ASTM D412)<\/td><\/tr><tr><td>Kopma An\u0131nda Uzama<\/td><td>\u2265 350% &#8211; (ASTM D 412)<\/td><\/tr><tr><td>Akma<\/td><td>0 mm &#8211; (ISO 7390)<\/td><\/tr><tr><td>Uygulama S\u0131cakl\u0131\u011f\u0131<\/td><td>5\u00b0C ile 40\u00b0C<\/td><\/tr><\/tbody><\/table><\/figure>\n\n\n\n<figure class=\"wp-block-table\"><table><tbody><tr><td>Renk<\/td><td>Miktar<\/td><td>Koli \u0130\u00e7i<\/td><\/tr><tr><td>\u015eeffaf<\/td><td>280 gr<\/td><td>25<\/td><\/tr><tr><td>Beyaz<\/td><td>280 gr<\/td><td>25<\/td><\/tr><tr><td>Siyah<\/td><td>280 gr<\/td><td>25<\/td><\/tr><\/tbody><\/table><\/figure>\n\n\n\n<p>Genel yap\u0131\u015ft\u0131rma uygulamalar\u0131nda, banyo, mutfak ve di\u011fer s\u0131hhi uygulamalarda kullan\u0131l\u0131r.<\/p>\n\n\n\n<p><strong>Aluminyum, Cam , S\u0131rl\u0131 seramik<\/strong><\/p>\n\n\n<div class=\"wp-block-image\">\n<figure class=\"aligncenter size-full is-resized\"><a href=\"https:\/\/shop.ustalar.com\/index.php?route=product\/product&amp;product_id=20\"><img loading=\"lazy\" decoding=\"async\" width=\"314\" height=\"120\" src=\"https:\/\/sealants.ustalar.com\/wp-content\/uploads\/2024\/03\/selulex-siparis.png\" alt=\"\" class=\"wp-image-88\" style=\"width:440px;height:auto\" srcset=\"https:\/\/sealants.ustalar.com\/wp-content\/uploads\/2024\/03\/selulex-siparis.png 314w, https:\/\/sealants.ustalar.com\/wp-content\/uploads\/2024\/03\/selulex-siparis-300x115.png 300w\" sizes=\"auto, (max-width: 314px) 100vw, 314px\" \/><\/a><\/figure>\n<\/div>","protected":false},"excerpt":{"rendered":"<p>Genel Ama\u00e7l\u0131 Silikon, tek komponentli, nemle k\u00fcrle\u015fen asetoksi bazl\u0131 silikondur.Kolay uygulanabilir. UV \u0131\u015f\u0131nlar\u0131na ve y\u00fcksek \u0131s\u0131ya dayan\u0131kl\u0131d\u0131r, rengini muhafaza eder. \u00dcR\u00dcN \u00d6ZELL\u0130KLER\u0130 \u00dcr\u00fcn Tipi Silikon Polimer Polimerizasyon Sistemi Asetik Yo\u011funluk 0.91-0.97 g\/ml &#8211; (TS 781-ISO 758) Sertlik 15-20 Shore A(28. g\u00fcn) Y\u00fczey Kurumas\u0131 11-12 min. (23\u00b0C and 50% R.H) K\u00fcrle\u015fme H\u0131z\u0131 Min. 2 mm\/ G\u00fcn [&hellip;]<\/p>\n","protected":false},"author":1,"featured_media":0,"parent":0,"menu_order":0,"comment_status":"closed","ping_status":"closed","template":"","meta":{"footnotes":""},"class_list":["post-46","page","type-page","status-publish","hentry"],"_links":{"self":[{"href":"https:\/\/sealants.ustalar.com\/index.php\/wp-json\/wp\/v2\/pages\/46","targetHints":{"allow":["GET"]}}],"collection":[{"href":"https:\/\/sealants.ustalar.com\/index.php\/wp-json\/wp\/v2\/pages"}],"about":[{"href":"https:\/\/sealants.ustalar.com\/index.php\/wp-json\/wp\/v2\/types\/page"}],"author":[{"embeddable":true,"href":"https:\/\/sealants.ustalar.com\/index.php\/wp-json\/wp\/v2\/users\/1"}],"replies":[{"embeddable":true,"href":"https:\/\/sealants.ustalar.com\/index.php\/wp-json\/wp\/v2\/comments?post=46"}],"version-history":[{"count":7,"href":"https:\/\/sealants.ustalar.com\/index.php\/wp-json\/wp\/v2\/pages\/46\/revisions"}],"predecessor-version":[{"id":92,"href":"https:\/\/sealants.ustalar.com\/index.php\/wp-json\/wp\/v2\/pages\/46\/revisions\/92"}],"wp:attachment":[{"href":"https:\/\/sealants.ustalar.com\/index.php\/wp-json\/wp\/v2\/media?parent=46"}],"curies":[{"name":"wp","href":"https:\/\/api.w.org\/{rel}","templated":true}]}}